{"id":59,"date":"2024-10-21T19:53:07","date_gmt":"2024-10-21T17:53:07","guid":{"rendered":"http:\/\/kam.bmj.pl\/wordpress\/?page_id=59"},"modified":"2024-10-21T19:53:07","modified_gmt":"2024-10-21T17:53:07","slug":"kontakt","status":"publish","type":"page","link":"http:\/\/kam.bmj.pl\/wordpress\/index.php\/kontakt\/","title":{"rendered":"Kontakt"},"content":{"rendered":"<p><div class=\"forminator-ui forminator-custom-form forminator-custom-form-54 forminator-design--default  forminator_ajax\" data-forminator-render=\"0\" data-form=\"forminator-module-54\" data-uid=\"69e3884e0df1b\"><br\/><\/div><form\n\t\t\t\tid=\"forminator-module-54\"\n\t\t\t\tclass=\"forminator-ui forminator-custom-form forminator-custom-form-54 forminator-design--default  forminator_ajax\"\n\t\t\t\tmethod=\"post\"\n\t\t\t\tdata-forminator-render=\"0\"\n\t\t\t\tdata-form-id=\"54\"\n\t\t\t\t\n\t\t\t\tdata-design=\"default\"\n\t\t\t\t\n\t\t\t\t\n\t\t\t\t\n\t\t\t\tdata-grid=\"open\"\n\t\t\t\t\n\t\t\t\t\n\t\t\t\tstyle=\"display: none;\"\n\t\t\t\t\n\t\t\t\tdata-uid=\"69e3884e0df1b\"\n\t\t\t><div role=\"alert\" aria-live=\"polite\" class=\"forminator-response-message forminator-error\" aria-hidden=\"true\"><\/div><div class=\"forminator-row\"><div id=\"name-1\" class=\"forminator-field-name forminator-col forminator-col-12 \"><div class=\"forminator-field\"><label for=\"forminator-field-name-1_69e3884e0df1b\" id=\"forminator-field-name-1_69e3884e0df1b-label\" class=\"forminator-label\">Imi\u0119 <span class=\"forminator-required\">*<\/span><\/label><input type=\"text\" name=\"name-1\" value=\"\" placeholder=\"Na przyk\u0142ad: Jan\" id=\"forminator-field-name-1_69e3884e0df1b\" class=\"forminator-input forminator-name--field\" aria-required=\"true\" \/><\/div><\/div><\/div><div class=\"forminator-row\"><div id=\"email-1\" class=\"forminator-field-email forminator-col forminator-col-12 \"><div class=\"forminator-field\"><label for=\"forminator-field-email-1_69e3884e0df1b\" id=\"forminator-field-email-1_69e3884e0df1b-label\" class=\"forminator-label\">Adres e-mail <span class=\"forminator-required\">*<\/span><\/label><input type=\"email\" name=\"email-1\" value=\"\" placeholder=\"Na przyk\u0142ad: jan@kowalski.com\" id=\"forminator-field-email-1_69e3884e0df1b\" class=\"forminator-input forminator-email--field\" data-required=\"true\" aria-required=\"true\" \/><\/div><\/div><\/div><div class=\"forminator-row\"><div id=\"phone-1\" class=\"forminator-field-phone forminator-col forminator-col-12 \"><div class=\"forminator-field\"><label for=\"forminator-field-phone-1_69e3884e0df1b\" id=\"forminator-field-phone-1_69e3884e0df1b-label\" class=\"forminator-label\">Numer telefonu<\/label><input type=\"text\" name=\"phone-1\" value=\"\" placeholder=\"Przyk\u0142ad. +48 100 200 300\" id=\"forminator-field-phone-1_69e3884e0df1b\" class=\"forminator-input forminator-field--phone\" data-required=\"\" aria-required=\"false\" autocomplete=\"off\" \/><\/div><\/div><\/div><div class=\"forminator-row\"><div id=\"textarea-1\" class=\"forminator-field-textarea forminator-col forminator-col-12 \"><div class=\"forminator-field\"><label for=\"forminator-field-textarea-1_69e3884e0df1b\" id=\"forminator-field-textarea-1_69e3884e0df1b-label\" class=\"forminator-label\">Wiadomo\u015b\u0107<\/label><textarea name=\"textarea-1\" placeholder=\"Wpisz swoj\u0105 wiadomo\u015b\u0107...\" id=\"forminator-field-textarea-1_69e3884e0df1b\" class=\"forminator-textarea\" rows=\"6\" style=\"min-height:140px;\" maxlength=\"180\" ><\/textarea><span id=\"forminator-field-textarea-1_69e3884e0df1b-description\" class=\"forminator-description\"><span data-limit=\"180\" data-type=\"characters\" data-editor=\"\">0 \/ 180<\/span><\/span><\/div><\/div><\/div><input type=\"hidden\" name=\"referer_url\" value=\"\" \/><div class=\"forminator-row forminator-row-last\"><div class=\"forminator-col\"><div class=\"forminator-field\"><button class=\"forminator-button forminator-button-submit\">Wy\u015blij wiadomo\u015b\u0107<\/button><\/div><\/div><\/div><input type=\"hidden\" id=\"forminator_nonce\" name=\"forminator_nonce\" value=\"a812ead689\" \/><input type=\"hidden\" name=\"_wp_http_referer\" value=\"\/wordpress\/index.php\/wp-json\/wp\/v2\/pages\/59\" \/><input type=\"hidden\" name=\"form_id\" value=\"54\"><input type=\"hidden\" name=\"page_id\" value=\"59\"><input type=\"hidden\" name=\"form_type\" value=\"default\"><input type=\"hidden\" name=\"current_url\" value=\"http:\/\/kam.bmj.pl\/wordpress\/index.php\/kontakt\/\"><input type=\"hidden\" name=\"render_id\" value=\"0\"><input type=\"hidden\" name=\"action\" value=\"forminator_submit_form_custom-forms\"><\/form> lorem<\/p>\n","protected":false},"excerpt":{"rendered":"<p>lorem<\/p>\n","protected":false},"author":1,"featured_media":0,"parent":0,"menu_order":0,"comment_status":"closed","ping_status":"closed","template":"","meta":{"footnotes":""},"class_list":["post-59","page","type-page","status-publish","hentry"],"yoast_head":"<!-- This site is optimized with the Yoast SEO plugin v23.6 - https:\/\/yoast.com\/wordpress\/plugins\/seo\/ -->\n<title>Kontakt - KosmosLoremIpsum<\/title>\n<meta name=\"robots\" content=\"index, follow, max-snippet:-1, max-image-preview:large, max-video-preview:-1\" \/>\n<link rel=\"canonical\" href=\"http:\/\/kam.bmj.pl\/wordpress\/index.php\/kontakt\/\" \/>\n<meta property=\"og:locale\" content=\"pl_PL\" \/>\n<meta property=\"og:type\" content=\"article\" \/>\n<meta property=\"og:title\" content=\"Kontakt - KosmosLoremIpsum\" \/>\n<meta property=\"og:description\" content=\"lorem\" \/>\n<meta property=\"og:url\" content=\"http:\/\/kam.bmj.pl\/wordpress\/index.php\/kontakt\/\" \/>\n<meta property=\"og:site_name\" content=\"KosmosLoremIpsum\" \/>\n<meta name=\"twitter:card\" content=\"summary_large_image\" \/>\n<meta name=\"twitter:label1\" content=\"Szacowany czas czytania\" \/>\n\t<meta name=\"twitter:data1\" content=\"1 minuta\" \/>\n<script type=\"application\/ld+json\" class=\"yoast-schema-graph\">{\"@context\":\"https:\/\/schema.org\",\"@graph\":[{\"@type\":\"WebPage\",\"@id\":\"http:\/\/kam.bmj.pl\/wordpress\/index.php\/kontakt\/\",\"url\":\"http:\/\/kam.bmj.pl\/wordpress\/index.php\/kontakt\/\",\"name\":\"Kontakt - KosmosLoremIpsum\",\"isPartOf\":{\"@id\":\"http:\/\/kam.bmj.pl\/wordpress\/#website\"},\"datePublished\":\"2024-10-21T17:53:07+00:00\",\"dateModified\":\"2024-10-21T17:53:07+00:00\",\"breadcrumb\":{\"@id\":\"http:\/\/kam.bmj.pl\/wordpress\/index.php\/kontakt\/#breadcrumb\"},\"inLanguage\":\"pl-PL\",\"potentialAction\":[{\"@type\":\"ReadAction\",\"target\":[\"http:\/\/kam.bmj.pl\/wordpress\/index.php\/kontakt\/\"]}]},{\"@type\":\"BreadcrumbList\",\"@id\":\"http:\/\/kam.bmj.pl\/wordpress\/index.php\/kontakt\/#breadcrumb\",\"itemListElement\":[{\"@type\":\"ListItem\",\"position\":1,\"name\":\"Strona g\u0142\u00f3wna\",\"item\":\"http:\/\/kam.bmj.pl\/wordpress\/\"},{\"@type\":\"ListItem\",\"position\":2,\"name\":\"Kontakt\"}]},{\"@type\":\"WebSite\",\"@id\":\"http:\/\/kam.bmj.pl\/wordpress\/#website\",\"url\":\"http:\/\/kam.bmj.pl\/wordpress\/\",\"name\":\"KosmosLoremIpsum\",\"description\":\"Kosmiczny sans\",\"publisher\":{\"@id\":\"http:\/\/kam.bmj.pl\/wordpress\/#\/schema\/person\/b70fbe1e0a62986d16f04631bcd9609d\"},\"potentialAction\":[{\"@type\":\"SearchAction\",\"target\":{\"@type\":\"EntryPoint\",\"urlTemplate\":\"http:\/\/kam.bmj.pl\/wordpress\/?s={search_term_string}\"},\"query-input\":{\"@type\":\"PropertyValueSpecification\",\"valueRequired\":true,\"valueName\":\"search_term_string\"}}],\"inLanguage\":\"pl-PL\"},{\"@type\":[\"Person\",\"Organization\"],\"@id\":\"http:\/\/kam.bmj.pl\/wordpress\/#\/schema\/person\/b70fbe1e0a62986d16f04631bcd9609d\",\"name\":\"kamil\",\"image\":{\"@type\":\"ImageObject\",\"inLanguage\":\"pl-PL\",\"@id\":\"http:\/\/kam.bmj.pl\/wordpress\/#\/schema\/person\/image\/\",\"url\":\"http:\/\/kam.bmj.pl\/wordpress\/wp-content\/uploads\/2024\/10\/cropped-logosans.png\",\"contentUrl\":\"http:\/\/kam.bmj.pl\/wordpress\/wp-content\/uploads\/2024\/10\/cropped-logosans.png\",\"width\":138,\"height\":137,\"caption\":\"kamil\"},\"logo\":{\"@id\":\"http:\/\/kam.bmj.pl\/wordpress\/#\/schema\/person\/image\/\"},\"sameAs\":[\"http:\/\/kam.bmj.pl\/wordpress\"]}]}<\/script>\n<!-- \/ Yoast SEO plugin. -->","yoast_head_json":{"title":"Kontakt - KosmosLoremIpsum","robots":{"index":"index","follow":"follow","max-snippet":"max-snippet:-1","max-image-preview":"max-image-preview:large","max-video-preview":"max-video-preview:-1"},"canonical":"http:\/\/kam.bmj.pl\/wordpress\/index.php\/kontakt\/","og_locale":"pl_PL","og_type":"article","og_title":"Kontakt - KosmosLoremIpsum","og_description":"lorem","og_url":"http:\/\/kam.bmj.pl\/wordpress\/index.php\/kontakt\/","og_site_name":"KosmosLoremIpsum","twitter_card":"summary_large_image","twitter_misc":{"Szacowany czas czytania":"1 minuta"},"schema":{"@context":"https:\/\/schema.org","@graph":[{"@type":"WebPage","@id":"http:\/\/kam.bmj.pl\/wordpress\/index.php\/kontakt\/","url":"http:\/\/kam.bmj.pl\/wordpress\/index.php\/kontakt\/","name":"Kontakt - KosmosLoremIpsum","isPartOf":{"@id":"http:\/\/kam.bmj.pl\/wordpress\/#website"},"datePublished":"2024-10-21T17:53:07+00:00","dateModified":"2024-10-21T17:53:07+00:00","breadcrumb":{"@id":"http:\/\/kam.bmj.pl\/wordpress\/index.php\/kontakt\/#breadcrumb"},"inLanguage":"pl-PL","potentialAction":[{"@type":"ReadAction","target":["http:\/\/kam.bmj.pl\/wordpress\/index.php\/kontakt\/"]}]},{"@type":"BreadcrumbList","@id":"http:\/\/kam.bmj.pl\/wordpress\/index.php\/kontakt\/#breadcrumb","itemListElement":[{"@type":"ListItem","position":1,"name":"Strona g\u0142\u00f3wna","item":"http:\/\/kam.bmj.pl\/wordpress\/"},{"@type":"ListItem","position":2,"name":"Kontakt"}]},{"@type":"WebSite","@id":"http:\/\/kam.bmj.pl\/wordpress\/#website","url":"http:\/\/kam.bmj.pl\/wordpress\/","name":"KosmosLoremIpsum","description":"Kosmiczny sans","publisher":{"@id":"http:\/\/kam.bmj.pl\/wordpress\/#\/schema\/person\/b70fbe1e0a62986d16f04631bcd9609d"},"potentialAction":[{"@type":"SearchAction","target":{"@type":"EntryPoint","urlTemplate":"http:\/\/kam.bmj.pl\/wordpress\/?s={search_term_string}"},"query-input":{"@type":"PropertyValueSpecification","valueRequired":true,"valueName":"search_term_string"}}],"inLanguage":"pl-PL"},{"@type":["Person","Organization"],"@id":"http:\/\/kam.bmj.pl\/wordpress\/#\/schema\/person\/b70fbe1e0a62986d16f04631bcd9609d","name":"kamil","image":{"@type":"ImageObject","inLanguage":"pl-PL","@id":"http:\/\/kam.bmj.pl\/wordpress\/#\/schema\/person\/image\/","url":"http:\/\/kam.bmj.pl\/wordpress\/wp-content\/uploads\/2024\/10\/cropped-logosans.png","contentUrl":"http:\/\/kam.bmj.pl\/wordpress\/wp-content\/uploads\/2024\/10\/cropped-logosans.png","width":138,"height":137,"caption":"kamil"},"logo":{"@id":"http:\/\/kam.bmj.pl\/wordpress\/#\/schema\/person\/image\/"},"sameAs":["http:\/\/kam.bmj.pl\/wordpress"]}]}},"_links":{"self":[{"href":"http:\/\/kam.bmj.pl\/wordpress\/index.php\/wp-json\/wp\/v2\/pages\/59"}],"collection":[{"href":"http:\/\/kam.bmj.pl\/wordpress\/index.php\/wp-json\/wp\/v2\/pages"}],"about":[{"href":"http:\/\/kam.bmj.pl\/wordpress\/index.php\/wp-json\/wp\/v2\/types\/page"}],"author":[{"embeddable":true,"href":"http:\/\/kam.bmj.pl\/wordpress\/index.php\/wp-json\/wp\/v2\/users\/1"}],"replies":[{"embeddable":true,"href":"http:\/\/kam.bmj.pl\/wordpress\/index.php\/wp-json\/wp\/v2\/comments?post=59"}],"version-history":[{"count":1,"href":"http:\/\/kam.bmj.pl\/wordpress\/index.php\/wp-json\/wp\/v2\/pages\/59\/revisions"}],"predecessor-version":[{"id":60,"href":"http:\/\/kam.bmj.pl\/wordpress\/index.php\/wp-json\/wp\/v2\/pages\/59\/revisions\/60"}],"wp:attachment":[{"href":"http:\/\/kam.bmj.pl\/wordpress\/index.php\/wp-json\/wp\/v2\/media?parent=59"}],"curies":[{"name":"wp","href":"https:\/\/api.w.org\/{rel}","templated":true}]}}